{"id":38,"date":"2026-01-16T22:16:22","date_gmt":"2026-01-16T22:16:22","guid":{"rendered":"https:\/\/jesuslovesyoubrand.fr\/galerie\/"},"modified":"2026-01-23T10:39:06","modified_gmt":"2026-01-23T10:39:06","slug":"galerie","status":"publish","type":"page","link":"https:\/\/jesuslovesyoubrand.fr\/en\/galerie\/","title":{"rendered":"Galerie"},"content":{"rendered":"<div class=\"wp-block-group alignfull is-style-ext-preset--group--natural-1--section has-background-background-color has-background has-global-padding is-layout-constrained wp-container-core-group-is-layout-f72f1611 wp-block-group-is-layout-constrained\" id=\"galerie\" style=\"margin-top:0;margin-bottom:0;padding-top:var(--wp--preset--spacing--70);padding-bottom:var(--wp--preset--spacing--70)\">\n<div class=\"wp-block-group alignwide is-vertical is-layout-flex wp-container-core-group-is-layout-c35747d5 wp-block-group-is-layout-flex\">\n<div class=\"wp-block-group has-global-padding is-layout-constrained wp-container-core-group-is-layout-5e05634a wp-block-group-is-layout-constrained\">\n<h2 class=\"wp-block-heading\">Elegant shades that define identity<\/h2>\n\n\n\n<p class=\"has-text-align-left\">Discover an exclusive selection of images capturing the  movement <strong>FASHION&amp;FAITH <\/strong> by jesuslovesyoubrand.<\/p>\n<\/div>\n<\/div>\n\n\n\n<div class=\"wp-block-columns alignwide are-vertically-aligned-top is-layout-flex wp-container-core-columns-is-layout-87beb0d0 wp-block-columns-is-layout-flex\">\n<div class=\"wp-block-column is-vertically-aligned-top is-layout-flow wp-container-core-column-is-layout-f5bb311e wp-block-column-is-layout-flow\">\n<figure class=\"wp-block-image size-large is-style-ext-preset--image--natural-1--image-1--content-top is-style-ext-preset--image--natural-1--image-1--content-top--2\"><img loading=\"lazy\" decoding=\"async\" width=\"682\" height=\"1024\" src=\"https:\/\/jesuslovesyoubrand.fr\/wp-content\/uploads\/2026\/01\/Cornelius-JLY-LR-5-682x1024.jpg\" alt=\"\" class=\"wp-image-141\" style=\"aspect-ratio:1;object-fit:cover\" srcset=\"https:\/\/jesuslovesyoubrand.fr\/wp-content\/uploads\/2026\/01\/Cornelius-JLY-LR-5-682x1024.jpg 682w, https:\/\/jesuslovesyoubrand.fr\/wp-content\/uploads\/2026\/01\/Cornelius-JLY-LR-5-200x300.jpg 200w, https:\/\/jesuslovesyoubrand.fr\/wp-content\/uploads\/2026\/01\/Cornelius-JLY-LR-5-768x1152.jpg 768w, https:\/\/jesuslovesyoubrand.fr\/wp-content\/uploads\/2026\/01\/Cornelius-JLY-LR-5-1024x1536.jpg 1024w, https:\/\/jesuslovesyoubrand.fr\/wp-content\/uploads\/2026\/01\/Cornelius-JLY-LR-5-600x900.jpg 600w, https:\/\/jesuslovesyoubrand.fr\/wp-content\/uploads\/2026\/01\/Cornelius-JLY-LR-5.jpg 1333w\" sizes=\"auto, (max-width: 682px) 100vw, 682px\" \/><\/figure>\n\n\n\n<figure class=\"wp-block-image size-large is-style-ext-preset--image--natural-1--image-1--content-top is-style-ext-preset--image--natural-1--image-1--content-top--3\"><img loading=\"lazy\" decoding=\"async\" width=\"768\" height=\"1024\" src=\"https:\/\/jesuslovesyoubrand.fr\/wp-content\/uploads\/2026\/01\/IMG_2747-768x1024.jpeg\" alt=\"\" class=\"wp-image-116\" style=\"aspect-ratio:1;object-fit:cover\" srcset=\"https:\/\/jesuslovesyoubrand.fr\/wp-content\/uploads\/2026\/01\/IMG_2747-768x1024.jpeg 768w, https:\/\/jesuslovesyoubrand.fr\/wp-content\/uploads\/2026\/01\/IMG_2747-225x300.jpeg 225w, https:\/\/jesuslovesyoubrand.fr\/wp-content\/uploads\/2026\/01\/IMG_2747-1152x1536.jpeg 1152w, https:\/\/jesuslovesyoubrand.fr\/wp-content\/uploads\/2026\/01\/IMG_2747-1536x2048.jpeg 1536w, https:\/\/jesuslovesyoubrand.fr\/wp-content\/uploads\/2026\/01\/IMG_2747-600x800.jpeg 600w, https:\/\/jesuslovesyoubrand.fr\/wp-content\/uploads\/2026\/01\/IMG_2747-scaled.jpeg 1920w\" sizes=\"auto, (max-width: 768px) 100vw, 768px\" \/><\/figure>\n<\/div>\n\n\n\n<div class=\"wp-block-column is-vertically-aligned-top is-layout-flow wp-container-core-column-is-layout-f5bb311e wp-block-column-is-layout-flow\">\n<figure class=\"wp-block-image size-full is-style-ext-preset--image--natural-1--image-1--content-top is-style-ext-preset--image--natural-1--image-1--content-top--4\"><img loading=\"lazy\" decoding=\"async\" width=\"480\" height=\"600\" src=\"https:\/\/jesuslovesyoubrand.fr\/wp-content\/uploads\/2026\/01\/599413910_2142032909876152_4609633767436699497_n.jpg\" alt=\"\" class=\"wp-image-169\" style=\"aspect-ratio:1;object-fit:cover\" srcset=\"https:\/\/jesuslovesyoubrand.fr\/wp-content\/uploads\/2026\/01\/599413910_2142032909876152_4609633767436699497_n.jpg 480w, https:\/\/jesuslovesyoubrand.fr\/wp-content\/uploads\/2026\/01\/599413910_2142032909876152_4609633767436699497_n-240x300.jpg 240w\" sizes=\"auto, (max-width: 480px) 100vw, 480px\" \/><\/figure>\n\n\n\n<figure class=\"wp-block-image size-full is-style-ext-preset--image--natural-1--image-1--content-top is-style-ext-preset--image--natural-1--image-1--content-top--5\"><img loading=\"lazy\" decoding=\"async\" width=\"480\" height=\"720\" src=\"https:\/\/jesuslovesyoubrand.fr\/wp-content\/uploads\/2026\/01\/614933690_731139283408839_5897751374380518658_n.png\" alt=\"\" class=\"wp-image-173\" style=\"aspect-ratio:1;object-fit:cover\" srcset=\"https:\/\/jesuslovesyoubrand.fr\/wp-content\/uploads\/2026\/01\/614933690_731139283408839_5897751374380518658_n.png 480w, https:\/\/jesuslovesyoubrand.fr\/wp-content\/uploads\/2026\/01\/614933690_731139283408839_5897751374380518658_n-200x300.png 200w\" sizes=\"auto, (max-width: 480px) 100vw, 480px\" \/><\/figure>\n<\/div>\n\n\n\n<div class=\"wp-block-column is-vertically-aligned-top is-layout-flow wp-container-core-column-is-layout-f5bb311e wp-block-column-is-layout-flow\">\n<figure class=\"wp-block-image size-full is-style-ext-preset--image--natural-1--image-1--content-top is-style-ext-preset--image--natural-1--image-1--content-top--6\"><img loading=\"lazy\" decoding=\"async\" width=\"480\" height=\"720\" src=\"https:\/\/jesuslovesyoubrand.fr\/wp-content\/uploads\/2026\/01\/598264787_850432741125421_4599887662396735675_n.png\" alt=\"\" class=\"wp-image-171\" style=\"aspect-ratio:1;object-fit:cover\" srcset=\"https:\/\/jesuslovesyoubrand.fr\/wp-content\/uploads\/2026\/01\/598264787_850432741125421_4599887662396735675_n.png 480w, https:\/\/jesuslovesyoubrand.fr\/wp-content\/uploads\/2026\/01\/598264787_850432741125421_4599887662396735675_n-200x300.png 200w\" sizes=\"auto, (max-width: 480px) 100vw, 480px\" \/><\/figure>\n\n\n\n<figure class=\"wp-block-image size-full is-style-ext-preset--image--natural-1--image-1--content-top is-style-ext-preset--image--natural-1--image-1--content-top--7\"><img loading=\"lazy\" decoding=\"async\" width=\"480\" height=\"640\" src=\"https:\/\/jesuslovesyoubrand.fr\/wp-content\/uploads\/2026\/01\/615675526_1534933131071592_7045575597682403742_n.png\" alt=\"\" class=\"wp-image-175\" style=\"aspect-ratio:1;object-fit:cover\" srcset=\"https:\/\/jesuslovesyoubrand.fr\/wp-content\/uploads\/2026\/01\/615675526_1534933131071592_7045575597682403742_n.png 480w, https:\/\/jesuslovesyoubrand.fr\/wp-content\/uploads\/2026\/01\/615675526_1534933131071592_7045575597682403742_n-225x300.png 225w\" sizes=\"auto, (max-width: 480px) 100vw, 480px\" \/><\/figure>\n<\/div>\n\n\n\n<div class=\"wp-block-column is-vertically-aligned-top is-layout-flow wp-container-core-column-is-layout-f5bb311e wp-block-column-is-layout-flow\">\n<figure class=\"wp-block-image size-large is-style-ext-preset--image--natural-1--image-1--content-top is-style-ext-preset--image--natural-1--image-1--content-top--8\"><img loading=\"lazy\" decoding=\"async\" width=\"768\" height=\"1024\" src=\"https:\/\/jesuslovesyoubrand.fr\/wp-content\/uploads\/2026\/01\/IMG_9025-768x1024.jpeg\" alt=\"\" class=\"wp-image-113\" style=\"aspect-ratio:1;object-fit:cover\" srcset=\"https:\/\/jesuslovesyoubrand.fr\/wp-content\/uploads\/2026\/01\/IMG_9025-768x1024.jpeg 768w, https:\/\/jesuslovesyoubrand.fr\/wp-content\/uploads\/2026\/01\/IMG_9025-225x300.jpeg 225w, https:\/\/jesuslovesyoubrand.fr\/wp-content\/uploads\/2026\/01\/IMG_9025-1152x1536.jpeg 1152w, https:\/\/jesuslovesyoubrand.fr\/wp-content\/uploads\/2026\/01\/IMG_9025-1536x2048.jpeg 1536w, https:\/\/jesuslovesyoubrand.fr\/wp-content\/uploads\/2026\/01\/IMG_9025-600x800.jpeg 600w, https:\/\/jesuslovesyoubrand.fr\/wp-content\/uploads\/2026\/01\/IMG_9025-scaled.jpeg 1920w\" sizes=\"auto, (max-width: 768px) 100vw, 768px\" \/><\/figure>\n\n\n\n<figure class=\"wp-block-image size-large is-style-ext-preset--image--natural-1--image-1--content-top is-style-ext-preset--image--natural-1--image-1--content-top--9\"><img loading=\"lazy\" decoding=\"async\" width=\"768\" height=\"1024\" src=\"https:\/\/jesuslovesyoubrand.fr\/wp-content\/uploads\/2026\/01\/IMG_2544-768x1024.jpg\" alt=\"\" class=\"wp-image-115\" style=\"aspect-ratio:1;object-fit:cover\" srcset=\"https:\/\/jesuslovesyoubrand.fr\/wp-content\/uploads\/2026\/01\/IMG_2544-768x1024.jpg 768w, https:\/\/jesuslovesyoubrand.fr\/wp-content\/uploads\/2026\/01\/IMG_2544-225x300.jpg 225w, https:\/\/jesuslovesyoubrand.fr\/wp-content\/uploads\/2026\/01\/IMG_2544-1152x1536.jpg 1152w, https:\/\/jesuslovesyoubrand.fr\/wp-content\/uploads\/2026\/01\/IMG_2544-1536x2048.jpg 1536w, https:\/\/jesuslovesyoubrand.fr\/wp-content\/uploads\/2026\/01\/IMG_2544-600x800.jpg 600w, https:\/\/jesuslovesyoubrand.fr\/wp-content\/uploads\/2026\/01\/IMG_2544-scaled.jpg 1920w\" sizes=\"auto, (max-width: 768px) 100vw, 768px\" \/><\/figure>\n<\/div>\n<\/div>\n<\/div>\n\n\n\n<div class=\"wp-block-group alignfull is-style-ext-preset--group--natural-1--section has-tertiary-background-color has-background has-global-padding is-layout-constrained wp-container-core-group-is-layout-e955bbaf wp-block-group-is-layout-constrained\" style=\"margin-top:0;margin-bottom:0;padding-top:var(--wp--preset--spacing--70);padding-bottom:var(--wp--preset--spacing--70)\">\n<div class=\"wp-block-group alignwide is-vertical is-layout-flex wp-container-core-group-is-layout-c35747d5 wp-block-group-is-layout-flex\">\n<div class=\"wp-block-group has-global-padding is-layout-constrained wp-container-core-group-is-layout-5e05634a wp-block-group-is-layout-constrained\">\n<h2 class=\"wp-block-heading\">Discover a unique style and a confident elegance.<\/h2>\n\n\n\n<p class=\"has-text-align-left\">This section highlights the key strengths and distinctive essence of jesuslovesyoubrand.<\/p>\n<\/div>\n<\/div>\n\n\n\n<div class=\"wp-block-columns alignwide is-layout-flex wp-container-core-columns-is-layout-174606dc wp-block-columns-is-layout-flex\">\n<div class=\"wp-block-column is-vertically-aligned-stretch is-layout-flow wp-container-core-column-is-layout-119bc444 wp-block-column-is-layout-flow\">\n<div class=\"wp-block-cover is-light is-style-ext-preset--image--natural-1--image-1--content-right is-style-ext-preset--image--natural-1--image-1--content-right--11\" style=\"padding-top:0;padding-bottom:0;min-height:100%;aspect-ratio:unset;\"><img loading=\"lazy\" decoding=\"async\" width=\"480\" height=\"600\" class=\"wp-block-cover__image-background wp-image-249 size-full\" alt=\"\" src=\"https:\/\/jesuslovesyoubrand.fr\/wp-content\/uploads\/2026\/01\/614859922_911783054724618_8297314198167727846_n.png\" data-object-fit=\"cover\" srcset=\"https:\/\/jesuslovesyoubrand.fr\/wp-content\/uploads\/2026\/01\/614859922_911783054724618_8297314198167727846_n.png 480w, https:\/\/jesuslovesyoubrand.fr\/wp-content\/uploads\/2026\/01\/614859922_911783054724618_8297314198167727846_n-240x300.png 240w\" sizes=\"auto, (max-width: 480px) 100vw, 480px\" \/><span aria-hidden=\"true\" class=\"wp-block-cover__background has-background-dim-0 has-background-dim\" style=\"background-color:#988274\"><\/span><div class=\"wp-block-cover__inner-container is-layout-flow wp-block-cover-is-layout-flow\">\n<div style=\"height:240px\" aria-hidden=\"true\" class=\"wp-block-spacer\"><\/div>\n<\/div><\/div>\n<\/div>\n\n\n\n<div class=\"wp-block-column is-vertically-aligned-center is-layout-flow wp-block-column-is-layout-flow\">\n<div class=\"wp-block-group is-style-ext-preset--group--natural-1--item-card-1--align-start has-global-padding is-layout-constrained wp-block-group-is-layout-constrained is-style-ext-preset--group--natural-1--item-card-1--align-start--12\">\n<div class=\"wp-block-group is-style-default has-global-padding is-layout-constrained wp-block-group-is-layout-constrained\">\n<div class=\"wp-block-group is-nowrap is-layout-flex wp-container-core-group-is-layout-64fa2afa wp-block-group-is-layout-flex\" style=\"padding-top:0;padding-right:0;padding-bottom:0;padding-left:0\">\n<figure class=\"wp-block-image size-large ext-aspect-landscape wp-duotone-primary-foreground\"><img decoding=\"async\" src=\"data:image\/svg+xml;base64,PHN2ZyB4bWxucz0iaHR0cDovL3d3dy53My5vcmcvMjAwMC9zdmciIHdpZHRoPSI0OCIgaGVpZ2h0PSI0OCIgZmlsbD0iIzAwMDAwMCIgdmlld0JveD0iMCAwIDI1NiAyNTYiPjxwYXRoIGQ9Ik0xNzIsNzZhNDQsNDQsMCwxLDAtNDQsNDRBNDQuMDUsNDQuMDUsMCwwLDAsMTcyLDc2Wm0tNDQsMjhhMjgsMjgsMCwxLDEsMjgtMjhBMjgsMjgsMCwwLDEsMTI4LDEwNFptNjAsMjRhNDQsNDQsMCwxLDAsNDQsNDRBNDQuMDUsNDQuMDUsMCwwLDAsMTg4LDEyOFptMCw3MmEyOCwyOCwwLDEsMSwyOC0yOEEyOCwyOCwwLDAsMSwxODgsMjAwWk02OCwxMjhhNDQsNDQsMCwxLDAsNDQsNDRBNDQuMDUsNDQuMDUsMCwwLDAsNjgsMTI4Wm0wLDcyYTI4LDI4LDAsMSwxLDI4LTI4QTI4LDI4LDAsMCwxLDY4LDIwMFoiPjwvcGF0aD48L3N2Zz4=\" alt=\"\" style=\"object-fit:cover\"\/><\/figure>\n\n\n\n<div class=\"wp-block-group wp-container-content-958eb9dc has-global-padding is-layout-constrained wp-container-core-group-is-layout-c06d165c wp-block-group-is-layout-constrained\" style=\"padding-top:0;padding-right:0;padding-bottom:0;padding-left:0\">\n<h3 class=\"wp-block-heading\">Minimalist and sophisticated design<\/h3>\n\n\n\n<p>A clean style that blends elegance and urban influences, reflecting the confidence and boldness of the modern generation.<\/p>\n<\/div>\n<\/div>\n<\/div>\n<\/div>\n\n\n\n<div class=\"wp-block-group is-style-ext-preset--group--natural-1--item-card-1--align-start has-global-padding is-layout-constrained wp-block-group-is-layout-constrained is-style-ext-preset--group--natural-1--item-card-1--align-start--13\">\n<div class=\"wp-block-group is-style-default has-global-padding is-layout-constrained wp-block-group-is-layout-constrained\">\n<div class=\"wp-block-group is-nowrap is-layout-flex wp-container-core-group-is-layout-64fa2afa wp-block-group-is-layout-flex\" style=\"padding-top:0;padding-right:0;padding-bottom:0;padding-left:0\">\n<figure class=\"wp-block-image size-large ext-aspect-landscape wp-duotone-primary-foreground\"><img decoding=\"async\" src=\"data:image\/svg+xml;base64,PHN2ZyB4bWxucz0iaHR0cDovL3d3dy53My5vcmcvMjAwMC9zdmciIHdpZHRoPSI0OCIgaGVpZ2h0PSI0OCIgZmlsbD0iIzAwMDAwMCIgdmlld0JveD0iMCAwIDI1NiAyNTYiPjxwYXRoIGQ9Ik04MCw0MGE0MCw0MCwwLDEsMCw0MCw0MEE0MCw0MCwwLDAsMCw4MCw0MFptMCw2NGEyNCwyNCwwLDEsMSwyNC0yNEEyNCwyNCwwLDAsMSw4MCwxMDRabTk2LDE2YTQwLDQwLDAsMSwwLTQwLTQwQTQwLDQwLDAsMCwwLDE3NiwxMjBabTAtNjRhMjQsMjQsMCwxLDEtMjQsMjRBMjQsMjQsMCwwLDEsMTc2LDU2Wk04MCwxMzZhNDAsNDAsMCwxLDAsNDAsNDBBNDAsNDAsMCwwLDAsODAsMTM2Wm0wLDY0YTI0LDI0LDAsMSwxLDI0LTI0QTI0LDI0LDAsMCwxLDgwLDIwMFptOTYtNjRhNDAsNDAsMCwxLDAsNDAsNDBBNDAsNDAsMCwwLDAsMTc2LDEzNlptMCw2NGEyNCwyNCwwLDEsMSwyNC0yNEEyNCwyNCwwLDAsMSwxNzYsMjAwWiI+PC9wYXRoPjwvc3ZnPg==\" alt=\"\" style=\"object-fit:cover\"\/><\/figure>\n\n\n\n<div class=\"wp-block-group wp-container-content-958eb9dc has-global-padding is-layout-constrained wp-container-core-group-is-layout-c06d165c wp-block-group-is-layout-constrained\" style=\"padding-top:0;padding-right:0;padding-bottom:0;padding-left:0\">\n<h3 class=\"wp-block-heading\">Refined color palette<\/h3>\n\n\n\n<p>Une harmonie subtile entre cr\u00e8me lumineux et vert kaki, incarnant l\u2019\u00e9l\u00e9gance intemporelle et la force street.<\/p>\n<\/div>\n<\/div>\n<\/div>\n<\/div>\n\n\n\n<div class=\"wp-block-group is-style-ext-preset--group--natural-1--item-card-1--align-start has-global-padding is-layout-constrained wp-block-group-is-layout-constrained is-style-ext-preset--group--natural-1--item-card-1--align-start--14\">\n<div class=\"wp-block-group is-style-default has-global-padding is-layout-constrained wp-block-group-is-layout-constrained\">\n<div class=\"wp-block-group is-nowrap is-layout-flex wp-container-core-group-is-layout-64fa2afa wp-block-group-is-layout-flex\" style=\"padding-top:0;padding-right:0;padding-bottom:0;padding-left:0\">\n<figure class=\"wp-block-image size-large ext-aspect-landscape wp-duotone-primary-foreground\"><img decoding=\"async\" src=\"data:image\/svg+xml;base64,PHN2ZyB4bWxucz0iaHR0cDovL3d3dy53My5vcmcvMjAwMC9zdmciIHdpZHRoPSI0OCIgaGVpZ2h0PSI0OCIgZmlsbD0iIzAwMDAwMCIgdmlld0JveD0iMCAwIDI1NiAyNTYiPjxwYXRoIGQ9Ik04MCw0MGE0MCw0MCwwLDEsMCw0MCw0MEE0MCw0MCwwLDAsMCw4MCw0MFptMCw2NGEyNCwyNCwwLDEsMSwyNC0yNEEyNCwyNCwwLDAsMSw4MCwxMDRabTk2LDE2YTQwLDQwLDAsMSwwLTQwLTQwQTQwLDQwLDAsMCwwLDE3NiwxMjBabTAtNjRhMjQsMjQsMCwxLDEtMjQsMjRBMjQsMjQsMCwwLDEsMTc2LDU2Wk04MCwxMzZhNDAsNDAsMCwxLDAsNDAsNDBBNDAsNDAsMCwwLDAsODAsMTM2Wm0wLDY0YTI0LDI0LDAsMSwxLDI0LTI0QTI0LDI0LDAsMCwxLDgwLDIwMFptMTM2LTI0YTgsOCwwLDAsMS04LDhIMTg0djI0YTgsOCwwLDAsMS0xNiwwVjE4NEgxNDRhOCw4LDAsMCwxLDAtMTZoMjRWMTQ0YTgsOCwwLDAsMSwxNiwwdjI0aDI0QTgsOCwwLDAsMSwyMTYsMTc2WiI+PC9wYXRoPjwvc3ZnPg==\" alt=\"\" style=\"object-fit:cover\"\/><\/figure>\n\n\n\n<div class=\"wp-block-group wp-container-content-958eb9dc has-global-padding is-layout-constrained wp-container-core-group-is-layout-c06d165c wp-block-group-is-layout-constrained\" style=\"padding-top:0;padding-right:0;padding-bottom:0;padding-left:0\">\n<h3 class=\"wp-block-heading\">Assertive quality and attitude<\/h3>\n\n\n\n<p>Carefully crafted details and high-quality construction that define our brand and strengthen your presence.<\/p>\n<\/div>\n<\/div>\n<\/div>\n<\/div>\n\n\n\n<div class=\"wp-block-buttons is-content-justification-center is-layout-flex wp-container-core-buttons-is-layout-a89b3969 wp-block-buttons-is-layout-flex\">\n<div class=\"wp-block-button has-custom-width wp-block-button__width-100 is-style-ext-preset--button--natural-1--button-1 is-style-ext-preset--button--natural-1--button-1--15\"><a class=\"wp-block-button__link wp-element-button\" href=\"https:\/\/jesuslovesyoubrand.fr\/en\/shop\/\">Voir la collection<\/a><\/div>\n<\/div>\n<\/div>\n<\/div>\n<\/div>\n\n\n\n<div class=\"wp-block-group alignfull is-style-ext-preset--group--natural-1--section has-background-background-color has-background has-global-padding is-layout-constrained wp-container-core-group-is-layout-e955bbaf wp-block-group-is-layout-constrained\" id=\"fonctionnalites\" style=\"margin-top:0;margin-bottom:0;padding-top:var(--wp--preset--spacing--70);padding-bottom:var(--wp--preset--spacing--70)\">\n<div class=\"wp-block-group alignwide is-vertical is-content-justification-center is-layout-flex wp-container-core-group-is-layout-c9ee0c5a wp-block-group-is-layout-flex\">\n<div class=\"wp-block-group has-global-padding is-layout-constrained wp-container-core-group-is-layout-2287c683 wp-block-group-is-layout-constrained\">\n<h2 class=\"wp-block-heading has-text-align-center\">Explore urban elegance<\/h2>\n\n\n\n<p class=\"has-text-align-center\">Discover the perfect union of elegance and street culture, embodied in every piece from jesuslovesyoubrand. Never forget what matters most important : the message. <\/p>\n<\/div>\n<\/div>\n\n\n\n<div class=\"wp-block-columns alignwide is-layout-flex wp-container-core-columns-is-layout-08c01c1c wp-block-columns-is-layout-flex\">\n<div class=\"wp-block-column is-layout-flow wp-block-column-is-layout-flow\">\n<div class=\"wp-block-group is-style-ext-preset--group--natural-1--item-card-1--align-center has-global-padding is-layout-constrained wp-block-group-is-layout-constrained is-style-ext-preset--group--natural-1--item-card-1--align-center--17\">\n<figure class=\"wp-block-image size-full\"><img loading=\"lazy\" decoding=\"async\" width=\"480\" height=\"600\" src=\"https:\/\/jesuslovesyoubrand.fr\/wp-content\/uploads\/2026\/01\/615405756_2376303406161215_2130137371537117199_n.jpg\" alt=\"\" class=\"wp-image-280\" style=\"aspect-ratio:4\/3;object-fit:cover\" srcset=\"https:\/\/jesuslovesyoubrand.fr\/wp-content\/uploads\/2026\/01\/615405756_2376303406161215_2130137371537117199_n.jpg 480w, https:\/\/jesuslovesyoubrand.fr\/wp-content\/uploads\/2026\/01\/615405756_2376303406161215_2130137371537117199_n-240x300.jpg 240w\" sizes=\"auto, (max-width: 480px) 100vw, 480px\" \/><\/figure>\n\n\n\n<div class=\"wp-block-group is-style-default has-global-padding is-layout-constrained wp-block-group-is-layout-constrained\">\n<h3 class=\"wp-block-heading has-text-align-center\">Minimalist and refined design<\/h3>\n\n\n\n<p class=\"has-text-align-center\">Clean lines that capture sophistication and modernity.<\/p>\n<\/div>\n<\/div>\n<\/div>\n\n\n\n<div class=\"wp-block-column is-layout-flow wp-block-column-is-layout-flow\">\n<div class=\"wp-block-group is-style-ext-preset--group--natural-1--item-card-1--align-center has-global-padding is-layout-constrained wp-block-group-is-layout-constrained is-style-ext-preset--group--natural-1--item-card-1--align-center--18\">\n<figure class=\"wp-block-image size-full\"><img loading=\"lazy\" decoding=\"async\" width=\"480\" height=\"600\" src=\"https:\/\/jesuslovesyoubrand.fr\/wp-content\/uploads\/2026\/01\/622045438_773564981780824_6376244337896157825_n.jpg\" alt=\"\" class=\"wp-image-281\" style=\"aspect-ratio:4\/3;object-fit:cover\" srcset=\"https:\/\/jesuslovesyoubrand.fr\/wp-content\/uploads\/2026\/01\/622045438_773564981780824_6376244337896157825_n.jpg 480w, https:\/\/jesuslovesyoubrand.fr\/wp-content\/uploads\/2026\/01\/622045438_773564981780824_6376244337896157825_n-240x300.jpg 240w\" sizes=\"auto, (max-width: 480px) 100vw, 480px\" \/><\/figure>\n\n\n\n<div class=\"wp-block-group is-style-default has-global-padding is-layout-constrained wp-block-group-is-layout-constrained\">\n<h3 class=\"wp-block-heading has-text-align-center\">Refined palette<\/h3>\n\n\n\n<p class=\"has-text-align-center\">A subtle balance of colors for a timeless look.<\/p>\n<\/div>\n<\/div>\n<\/div>\n\n\n\n<div class=\"wp-block-column is-layout-flow wp-block-column-is-layout-flow\">\n<div class=\"wp-block-group is-style-ext-preset--group--natural-1--item-card-1--align-center has-global-padding is-layout-constrained wp-block-group-is-layout-constrained is-style-ext-preset--group--natural-1--item-card-1--align-center--19\">\n<figure class=\"wp-block-image size-full\"><img loading=\"lazy\" decoding=\"async\" width=\"480\" height=\"600\" src=\"https:\/\/jesuslovesyoubrand.fr\/wp-content\/uploads\/2026\/01\/616766932_945623525063702_7857010373053829453_n.jpg\" alt=\"\" class=\"wp-image-282\" style=\"aspect-ratio:4\/3;object-fit:cover\" srcset=\"https:\/\/jesuslovesyoubrand.fr\/wp-content\/uploads\/2026\/01\/616766932_945623525063702_7857010373053829453_n.jpg 480w, https:\/\/jesuslovesyoubrand.fr\/wp-content\/uploads\/2026\/01\/616766932_945623525063702_7857010373053829453_n-240x300.jpg 240w\" sizes=\"auto, (max-width: 480px) 100vw, 480px\" \/><\/figure>\n\n\n\n<div class=\"wp-block-group is-style-default has-global-padding is-layout-constrained wp-block-group-is-layout-constrained\">\n<h3 class=\"wp-block-heading has-text-align-center\">Exceptional quality and details<\/h3>\n\n\n\n<p class=\"has-text-align-center\">Each stitch and material is carefully chosen to reflect excellence.<\/p>\n<\/div>\n<\/div>\n<\/div>\n<\/div>\n<\/div>","protected":false},"excerpt":{"rendered":"<p>Des teintes \u00e9l\u00e9gantes qui d\u00e9finissent l&#8217;identit\u00e9 D\u00e9couvrez une s\u00e9lection exclusive d&#8217;images capturant le mouvement FASHION&amp;FAITH de jesuslovesyoubrand. D\u00e9couvrez un style unique et une \u00e9l\u00e9gance affirm\u00e9e. Cette section met en lumi\u00e8re les atouts cl\u00e9s et l\u2019essence distinctive de jesuslovesyoubrand. Design minimaliste et sophistiqu\u00e9 Un style \u00e9pur\u00e9 qui allie l&#8217;\u00e9l\u00e9gance et l&#8217;urbain , refl\u00e9tant la confiance et [&hellip;]<\/p>\n","protected":false},"author":1,"featured_media":0,"parent":0,"menu_order":0,"comment_status":"closed","ping_status":"closed","template":"page-with-title","meta":{"footnotes":""},"class_list":["post-38","page","type-page","status-publish","hentry"],"jetpack_sharing_enabled":true,"_links":{"self":[{"href":"https:\/\/jesuslovesyoubrand.fr\/en\/wp-json\/wp\/v2\/pages\/38","targetHints":{"allow":["GET"]}}],"collection":[{"href":"https:\/\/jesuslovesyoubrand.fr\/en\/wp-json\/wp\/v2\/pages"}],"about":[{"href":"https:\/\/jesuslovesyoubrand.fr\/en\/wp-json\/wp\/v2\/types\/page"}],"author":[{"embeddable":true,"href":"https:\/\/jesuslovesyoubrand.fr\/en\/wp-json\/wp\/v2\/users\/1"}],"replies":[{"embeddable":true,"href":"https:\/\/jesuslovesyoubrand.fr\/en\/wp-json\/wp\/v2\/comments?post=38"}],"version-history":[{"count":24,"href":"https:\/\/jesuslovesyoubrand.fr\/en\/wp-json\/wp\/v2\/pages\/38\/revisions"}],"predecessor-version":[{"id":286,"href":"https:\/\/jesuslovesyoubrand.fr\/en\/wp-json\/wp\/v2\/pages\/38\/revisions\/286"}],"wp:attachment":[{"href":"https:\/\/jesuslovesyoubrand.fr\/en\/wp-json\/wp\/v2\/media?parent=38"}],"curies":[{"name":"wp","href":"https:\/\/api.w.org\/{rel}","templated":true}]}}