{"id":39,"date":"2026-01-16T22:16:22","date_gmt":"2026-01-16T22:16:22","guid":{"rendered":"https:\/\/jesuslovesyoubrand.fr\/portfolio\/"},"modified":"2026-01-18T12:03:08","modified_gmt":"2026-01-18T12:03:08","slug":"portfolio","status":"publish","type":"page","link":"https:\/\/jesuslovesyoubrand.fr\/en\/portfolio\/","title":{"rendered":"Portfolio"},"content":{"rendered":"<div class=\"wp-block-group alignfull is-style-ext-preset--group--natural-1--section has-background-background-color has-background has-global-padding is-layout-constrained wp-container-core-group-is-layout-f72f1611 wp-block-group-is-layout-constrained\" id=\"galerie\" style=\"margin-top:0;margin-bottom:0;padding-top:var(--wp--preset--spacing--70);padding-bottom:var(--wp--preset--spacing--70)\">\n<div class=\"wp-block-group alignwide is-vertical is-layout-flex wp-container-core-group-is-layout-c35747d5 wp-block-group-is-layout-flex\">\n<div class=\"wp-block-group has-global-padding is-layout-constrained wp-container-core-group-is-layout-5e05634a wp-block-group-is-layout-constrained\">\n<h2 class=\"wp-block-heading\">A refined color palette that embodies elegance<\/h2>\n\n\n\n<p class=\"has-text-align-left\">Discover a unique gallery capturing the sophisticated allure and urban energy of jesuslovesyoubrand.<\/p>\n<\/div>\n<\/div>\n\n\n\n<div class=\"wp-block-columns alignwide is-layout-flex wp-container-core-columns-is-layout-87beb0d0 wp-block-columns-is-layout-flex\">\n<div class=\"wp-block-column is-vertically-aligned-stretch is-layout-flow wp-container-core-column-is-layout-f5bb311e wp-block-column-is-layout-flow\" style=\"flex-basis:50%\">\n<div class=\"wp-block-cover is-style-ext-preset--image--natural-1--image-1--content-top is-style-ext-preset--image--natural-1--image-1--content-top--2\" style=\"padding-top:0;padding-bottom:0;min-height:100%;aspect-ratio:unset;\"><img loading=\"lazy\" decoding=\"async\" width=\"682\" height=\"1024\" class=\"wp-block-cover__image-background wp-image-139 size-large\" alt=\"\" src=\"https:\/\/jesuslovesyoubrand.fr\/wp-content\/uploads\/2026\/01\/Cornelius-JLY-LR-7-682x1024.jpg\" data-object-fit=\"cover\" srcset=\"https:\/\/jesuslovesyoubrand.fr\/wp-content\/uploads\/2026\/01\/Cornelius-JLY-LR-7-682x1024.jpg 682w, https:\/\/jesuslovesyoubrand.fr\/wp-content\/uploads\/2026\/01\/Cornelius-JLY-LR-7-200x300.jpg 200w, https:\/\/jesuslovesyoubrand.fr\/wp-content\/uploads\/2026\/01\/Cornelius-JLY-LR-7-768x1152.jpg 768w, https:\/\/jesuslovesyoubrand.fr\/wp-content\/uploads\/2026\/01\/Cornelius-JLY-LR-7-1024x1536.jpg 1024w, https:\/\/jesuslovesyoubrand.fr\/wp-content\/uploads\/2026\/01\/Cornelius-JLY-LR-7-600x900.jpg 600w, https:\/\/jesuslovesyoubrand.fr\/wp-content\/uploads\/2026\/01\/Cornelius-JLY-LR-7.jpg 1333w\" sizes=\"auto, (max-width: 682px) 100vw, 682px\" \/><span aria-hidden=\"true\" class=\"wp-block-cover__background has-background-dim-0 has-background-dim\" style=\"background-color:#6b585c\"><\/span><div class=\"wp-block-cover__inner-container is-layout-flow wp-block-cover-is-layout-flow\">\n<div style=\"height:240px\" aria-hidden=\"true\" class=\"wp-block-spacer\"><\/div>\n<\/div><\/div>\n<\/div>\n\n\n\n<div class=\"wp-block-column is-vertically-aligned-top is-layout-flow wp-container-core-column-is-layout-f5bb311e wp-block-column-is-layout-flow\">\n<figure class=\"wp-block-image size-large is-style-ext-preset--image--natural-1--image-1--content-top is-style-ext-preset--image--natural-1--image-1--content-top--3\"><img loading=\"lazy\" decoding=\"async\" width=\"576\" height=\"1024\" src=\"https:\/\/jesuslovesyoubrand.fr\/wp-content\/uploads\/2026\/01\/Cornelius-JLY-HR-56-576x1024.jpg\" alt=\"\" class=\"wp-image-132\" style=\"aspect-ratio:1;object-fit:cover\" srcset=\"https:\/\/jesuslovesyoubrand.fr\/wp-content\/uploads\/2026\/01\/Cornelius-JLY-HR-56-576x1024.jpg 576w, https:\/\/jesuslovesyoubrand.fr\/wp-content\/uploads\/2026\/01\/Cornelius-JLY-HR-56-169x300.jpg 169w, https:\/\/jesuslovesyoubrand.fr\/wp-content\/uploads\/2026\/01\/Cornelius-JLY-HR-56-768x1365.jpg 768w, https:\/\/jesuslovesyoubrand.fr\/wp-content\/uploads\/2026\/01\/Cornelius-JLY-HR-56-864x1536.jpg 864w, https:\/\/jesuslovesyoubrand.fr\/wp-content\/uploads\/2026\/01\/Cornelius-JLY-HR-56-600x1067.jpg 600w, https:\/\/jesuslovesyoubrand.fr\/wp-content\/uploads\/2026\/01\/Cornelius-JLY-HR-56.jpg 1080w\" sizes=\"auto, (max-width: 576px) 100vw, 576px\" \/><\/figure>\n\n\n\n<figure class=\"wp-block-image size-large is-style-ext-preset--image--natural-1--image-1--content-top is-style-ext-preset--image--natural-1--image-1--content-top--4\"><img loading=\"lazy\" decoding=\"async\" width=\"576\" height=\"1024\" src=\"https:\/\/jesuslovesyoubrand.fr\/wp-content\/uploads\/2026\/01\/Cornelius-JLY-HR-12-576x1024.jpg\" alt=\"\" class=\"wp-image-136\" style=\"aspect-ratio:1;object-fit:cover\" srcset=\"https:\/\/jesuslovesyoubrand.fr\/wp-content\/uploads\/2026\/01\/Cornelius-JLY-HR-12-576x1024.jpg 576w, https:\/\/jesuslovesyoubrand.fr\/wp-content\/uploads\/2026\/01\/Cornelius-JLY-HR-12-169x300.jpg 169w, https:\/\/jesuslovesyoubrand.fr\/wp-content\/uploads\/2026\/01\/Cornelius-JLY-HR-12-768x1365.jpg 768w, https:\/\/jesuslovesyoubrand.fr\/wp-content\/uploads\/2026\/01\/Cornelius-JLY-HR-12-864x1536.jpg 864w, https:\/\/jesuslovesyoubrand.fr\/wp-content\/uploads\/2026\/01\/Cornelius-JLY-HR-12-600x1067.jpg 600w, https:\/\/jesuslovesyoubrand.fr\/wp-content\/uploads\/2026\/01\/Cornelius-JLY-HR-12.jpg 1080w\" sizes=\"auto, (max-width: 576px) 100vw, 576px\" \/><\/figure>\n<\/div>\n\n\n\n<div class=\"wp-block-column is-vertically-aligned-top is-layout-flow wp-container-core-column-is-layout-f5bb311e wp-block-column-is-layout-flow\">\n<figure class=\"wp-block-image size-large is-style-ext-preset--image--natural-1--image-1--content-top is-style-ext-preset--image--natural-1--image-1--content-top--5\"><img loading=\"lazy\" decoding=\"async\" width=\"576\" height=\"1024\" src=\"https:\/\/jesuslovesyoubrand.fr\/wp-content\/uploads\/2026\/01\/Cornelius-JLY-HR-61-576x1024.jpg\" alt=\"\" class=\"wp-image-129\" style=\"aspect-ratio:1;object-fit:cover\" srcset=\"https:\/\/jesuslovesyoubrand.fr\/wp-content\/uploads\/2026\/01\/Cornelius-JLY-HR-61-576x1024.jpg 576w, https:\/\/jesuslovesyoubrand.fr\/wp-content\/uploads\/2026\/01\/Cornelius-JLY-HR-61-169x300.jpg 169w, https:\/\/jesuslovesyoubrand.fr\/wp-content\/uploads\/2026\/01\/Cornelius-JLY-HR-61-768x1365.jpg 768w, https:\/\/jesuslovesyoubrand.fr\/wp-content\/uploads\/2026\/01\/Cornelius-JLY-HR-61-864x1536.jpg 864w, https:\/\/jesuslovesyoubrand.fr\/wp-content\/uploads\/2026\/01\/Cornelius-JLY-HR-61-600x1067.jpg 600w, https:\/\/jesuslovesyoubrand.fr\/wp-content\/uploads\/2026\/01\/Cornelius-JLY-HR-61.jpg 1080w\" sizes=\"auto, (max-width: 576px) 100vw, 576px\" \/><\/figure>\n\n\n\n<figure class=\"wp-block-image size-large is-style-ext-preset--image--natural-1--image-1--content-top is-style-ext-preset--image--natural-1--image-1--content-top--6\"><img loading=\"lazy\" decoding=\"async\" width=\"576\" height=\"1024\" src=\"https:\/\/jesuslovesyoubrand.fr\/wp-content\/uploads\/2026\/01\/Cornelius-JLY-HR-39-576x1024.jpg\" alt=\"\" class=\"wp-image-135\" style=\"aspect-ratio:1;object-fit:cover\" srcset=\"https:\/\/jesuslovesyoubrand.fr\/wp-content\/uploads\/2026\/01\/Cornelius-JLY-HR-39-576x1024.jpg 576w, https:\/\/jesuslovesyoubrand.fr\/wp-content\/uploads\/2026\/01\/Cornelius-JLY-HR-39-169x300.jpg 169w, https:\/\/jesuslovesyoubrand.fr\/wp-content\/uploads\/2026\/01\/Cornelius-JLY-HR-39-768x1365.jpg 768w, https:\/\/jesuslovesyoubrand.fr\/wp-content\/uploads\/2026\/01\/Cornelius-JLY-HR-39-864x1536.jpg 864w, https:\/\/jesuslovesyoubrand.fr\/wp-content\/uploads\/2026\/01\/Cornelius-JLY-HR-39-600x1067.jpg 600w, https:\/\/jesuslovesyoubrand.fr\/wp-content\/uploads\/2026\/01\/Cornelius-JLY-HR-39.jpg 1080w\" sizes=\"auto, (max-width: 576px) 100vw, 576px\" \/><\/figure>\n<\/div>\n<\/div>\n<\/div>\n\n\n\n<div class=\"wp-block-group alignfull is-style-ext-preset--group--natural-1--section has-tertiary-background-color has-background has-global-padding is-layout-constrained wp-container-core-group-is-layout-843e5a6d wp-block-group-is-layout-constrained\" id=\"a-propos\" style=\"margin-top:0;margin-bottom:0;padding-top:var(--wp--preset--spacing--70);padding-bottom:var(--wp--preset--spacing--70)\">\n<div class=\"wp-block-group alignwide is-vertical is-content-justification-center is-layout-flex wp-container-core-group-is-layout-c9ee0c5a wp-block-group-is-layout-flex\">\n<div class=\"wp-block-group has-global-padding is-layout-constrained wp-container-core-group-is-layout-2287c683 wp-block-group-is-layout-constrained\">\n<h2 class=\"wp-block-heading has-text-align-center\">Minimalist luxury at the heart of the street<\/h2>\n\n\n\n<p class=\"has-text-align-center\">Discover the essence of Jesuslovesyoubrand, where sophistication and urban energy come together to dress a modern, bold generation while delivering a message.<\/p>\n<\/div>\n<\/div>\n\n\n\n<figure class=\"wp-block-image size-large is-style-ext-preset-image-natural-1-image-1--content-any is-style-ext-preset--image--natural-1--image-1--content-any is-style-ext-preset--image--natural-1--image-1--content-any--8\"><img loading=\"lazy\" decoding=\"async\" width=\"819\" height=\"1024\" src=\"https:\/\/jesuslovesyoubrand.fr\/wp-content\/uploads\/2026\/01\/IMG_4028-819x1024.jpeg\" alt=\"\" class=\"wp-image-162\" style=\"aspect-ratio:4\/3;object-fit:cover\" srcset=\"https:\/\/jesuslovesyoubrand.fr\/wp-content\/uploads\/2026\/01\/IMG_4028-819x1024.jpeg 819w, https:\/\/jesuslovesyoubrand.fr\/wp-content\/uploads\/2026\/01\/IMG_4028-240x300.jpeg 240w, https:\/\/jesuslovesyoubrand.fr\/wp-content\/uploads\/2026\/01\/IMG_4028-768x960.jpeg 768w, https:\/\/jesuslovesyoubrand.fr\/wp-content\/uploads\/2026\/01\/IMG_4028.jpeg 1080w\" sizes=\"auto, (max-width: 819px) 100vw, 819px\" \/><\/figure>\n<\/div>\n\n\n\n<div class=\"wp-block-group alignfull is-style-ext-preset--group--natural-1--section has-background-background-color has-background has-global-padding is-layout-constrained wp-container-core-group-is-layout-e955bbaf wp-block-group-is-layout-constrained\" style=\"margin-top:0;margin-bottom:0;padding-top:var(--wp--preset--spacing--70);padding-bottom:var(--wp--preset--spacing--70)\">\n<div class=\"wp-block-group alignwide is-vertical is-layout-flex wp-container-core-group-is-layout-c35747d5 wp-block-group-is-layout-flex\">\n<div class=\"wp-block-group has-global-padding is-layout-constrained wp-container-core-group-is-layout-5e05634a wp-block-group-is-layout-constrained\">\n<h2 class=\"wp-block-heading\">Discover refined elegance and urban power.<\/h2>\n\n\n\n<p class=\"has-text-align-left\">A concise presentation of the key strengths and uniqueness of Jesuslovesyoubrand.<\/p>\n<\/div>\n<\/div>\n\n\n\n<div class=\"wp-block-columns alignwide is-layout-flex wp-container-core-columns-is-layout-174606dc wp-block-columns-is-layout-flex\">\n<div class=\"wp-block-column is-vertically-aligned-stretch is-layout-flow wp-container-core-column-is-layout-119bc444 wp-block-column-is-layout-flow\">\n<div class=\"wp-block-cover is-light is-style-ext-preset--image--natural-1--image-1--content-right is-style-ext-preset--image--natural-1--image-1--content-right--10\" style=\"padding-top:0;padding-bottom:0;min-height:100%;aspect-ratio:unset;\"><img loading=\"lazy\" decoding=\"async\" width=\"683\" height=\"1024\" class=\"wp-block-cover__image-background wp-image-114 size-large\" alt=\"\" src=\"https:\/\/jesuslovesyoubrand.fr\/wp-content\/uploads\/2026\/01\/temp_image_040CC689-75DD-4783-B0CE-B1ED3A311A05-683x1024.jpeg\" data-object-fit=\"cover\" srcset=\"https:\/\/jesuslovesyoubrand.fr\/wp-content\/uploads\/2026\/01\/temp_image_040CC689-75DD-4783-B0CE-B1ED3A311A05-683x1024.jpeg 683w, https:\/\/jesuslovesyoubrand.fr\/wp-content\/uploads\/2026\/01\/temp_image_040CC689-75DD-4783-B0CE-B1ED3A311A05-200x300.jpeg 200w, https:\/\/jesuslovesyoubrand.fr\/wp-content\/uploads\/2026\/01\/temp_image_040CC689-75DD-4783-B0CE-B1ED3A311A05-768x1152.jpeg 768w, https:\/\/jesuslovesyoubrand.fr\/wp-content\/uploads\/2026\/01\/temp_image_040CC689-75DD-4783-B0CE-B1ED3A311A05-1024x1536.jpeg 1024w, https:\/\/jesuslovesyoubrand.fr\/wp-content\/uploads\/2026\/01\/temp_image_040CC689-75DD-4783-B0CE-B1ED3A311A05-600x900.jpeg 600w, https:\/\/jesuslovesyoubrand.fr\/wp-content\/uploads\/2026\/01\/temp_image_040CC689-75DD-4783-B0CE-B1ED3A311A05.jpeg 1080w\" sizes=\"auto, (max-width: 683px) 100vw, 683px\" \/><span aria-hidden=\"true\" class=\"wp-block-cover__background has-background-dim-0 has-background-dim\" style=\"background-color:#a79392\"><\/span><div class=\"wp-block-cover__inner-container is-layout-flow wp-block-cover-is-layout-flow\">\n<div style=\"height:240px\" aria-hidden=\"true\" class=\"wp-block-spacer\"><\/div>\n<\/div><\/div>\n<\/div>\n\n\n\n<div class=\"wp-block-column is-vertically-aligned-center is-layout-flow wp-block-column-is-layout-flow\">\n<div class=\"wp-block-group is-style-ext-preset--group--natural-1--item-card-1--align-start has-global-padding is-layout-constrained wp-block-group-is-layout-constrained is-style-ext-preset--group--natural-1--item-card-1--align-start--11\">\n<div class=\"wp-block-group is-style-default has-global-padding is-layout-constrained wp-block-group-is-layout-constrained\">\n<div class=\"wp-block-group is-nowrap is-layout-flex wp-container-core-group-is-layout-64fa2afa wp-block-group-is-layout-flex\" style=\"padding-top:0;padding-right:0;padding-bottom:0;padding-left:0\">\n<figure class=\"wp-block-image size-large ext-aspect-landscape wp-duotone-primary-foreground\"><img decoding=\"async\" src=\"data:image\/svg+xml;base64,PHN2ZyB4bWxucz0iaHR0cDovL3d3dy53My5vcmcvMjAwMC9zdmciIHdpZHRoPSI0OCIgaGVpZ2h0PSI0OCIgZmlsbD0iIzAwMDAwMCIgdmlld0JveD0iMCAwIDI1NiAyNTYiPjxwYXRoIGQ9Ik0xNzIsNzZhNDQsNDQsMCwxLDAtNDQsNDRBNDQuMDUsNDQuMDUsMCwwLDAsMTcyLDc2Wm0tNDQsMjhhMjgsMjgsMCwxLDEsMjgtMjhBMjgsMjgsMCwwLDEsMTI4LDEwNFptNjAsMjRhNDQsNDQsMCwxLDAsNDQsNDRBNDQuMDUsNDQuMDUsMCwwLDAsMTg4LDEyOFptMCw3MmEyOCwyOCwwLDEsMSwyOC0yOEEyOCwyOCwwLDAsMSwxODgsMjAwWk02OCwxMjhhNDQsNDQsMCwxLDAsNDQsNDRBNDQuMDUsNDQuMDUsMCwwLDAsNjgsMTI4Wm0wLDcyYTI4LDI4LDAsMSwxLDI4LTI4QTI4LDI4LDAsMCwxLDY4LDIwMFoiPjwvcGF0aD48L3N2Zz4=\" alt=\"\" style=\"object-fit:cover\"\/><\/figure>\n\n\n\n<div class=\"wp-block-group wp-container-content-958eb9dc has-global-padding is-layout-constrained wp-container-core-group-is-layout-c06d165c wp-block-group-is-layout-constrained\" style=\"padding-top:0;padding-right:0;padding-bottom:0;padding-left:0\">\n<h3 class=\"wp-block-heading\">Minimalist and sophisticated design<\/h3>\n\n\n\n<p>Each piece blends timeless elegance with street energy, designed to elevate your modern style with quality and attitude.<\/p>\n<\/div>\n<\/div>\n<\/div>\n<\/div>\n\n\n\n<div class=\"wp-block-group is-style-ext-preset--group--natural-1--item-card-1--align-start has-global-padding is-layout-constrained wp-block-group-is-layout-constrained is-style-ext-preset--group--natural-1--item-card-1--align-start--12\">\n<div class=\"wp-block-group is-style-default has-global-padding is-layout-constrained wp-block-group-is-layout-constrained\">\n<div class=\"wp-block-group is-nowrap is-layout-flex wp-container-core-group-is-layout-64fa2afa wp-block-group-is-layout-flex\" style=\"padding-top:0;padding-right:0;padding-bottom:0;padding-left:0\">\n<figure class=\"wp-block-image size-large ext-aspect-landscape wp-duotone-primary-foreground\"><img decoding=\"async\" src=\"data:image\/svg+xml;base64,PHN2ZyB4bWxucz0iaHR0cDovL3d3dy53My5vcmcvMjAwMC9zdmciIHdpZHRoPSI0OCIgaGVpZ2h0PSI0OCIgZmlsbD0iIzAwMDAwMCIgdmlld0JveD0iMCAwIDI1NiAyNTYiPjxwYXRoIGQ9Ik04MCw0MGE0MCw0MCwwLDEsMCw0MCw0MEE0MCw0MCwwLDAsMCw4MCw0MFptMCw2NGEyNCwyNCwwLDEsMSwyNC0yNEEyNCwyNCwwLDAsMSw4MCwxMDRabTk2LDE2YTQwLDQwLDAsMSwwLTQwLTQwQTQwLDQwLDAsMCwwLDE3NiwxMjBabTAtNjRhMjQsMjQsMCwxLDEtMjQsMjRBMjQsMjQsMCwwLDEsMTc2LDU2Wk04MCwxMzZhNDAsNDAsMCwxLDAsNDAsNDBBNDAsNDAsMCwwLDAsODAsMTM2Wm0wLDY0YTI0LDI0LDAsMSwxLDI0LTI0QTI0LDI0LDAsMCwxLDgwLDIwMFptOTYtNjRhNDAsNDAsMCwxLDAsNDAsNDBBNDAsNDAsMCwwLDAsMTc2LDEzNlptMCw2NGEyNCwyNCwwLDEsMSwyNC0yNEEyNCwyNCwwLDAsMSwxNzYsMjAwWiI+PC9wYXRoPjwvc3ZnPg==\" alt=\"\" style=\"object-fit:cover\"\/><\/figure>\n\n\n\n<div class=\"wp-block-group wp-container-content-958eb9dc has-global-padding is-layout-constrained wp-container-core-group-is-layout-c06d165c wp-block-group-is-layout-constrained\" style=\"padding-top:0;padding-right:0;padding-bottom:0;padding-left:0\">\n<h3 class=\"wp-block-heading\">Refined color palette<\/h3>\n\n\n\n<p>Through bright and vibrant colors, we celebrate the joy within us. <strong>Nous sommes la lumi\u00e8re du monde<\/strong>, et nous choisissons de rayonner<\/p>\n<\/div>\n<\/div>\n<\/div>\n<\/div>\n\n\n\n<div class=\"wp-block-group is-style-ext-preset--group--natural-1--item-card-1--align-start has-global-padding is-layout-constrained wp-block-group-is-layout-constrained is-style-ext-preset--group--natural-1--item-card-1--align-start--13\">\n<div class=\"wp-block-group is-style-default has-global-padding is-layout-constrained wp-block-group-is-layout-constrained\">\n<div class=\"wp-block-group is-nowrap is-layout-flex wp-container-core-group-is-layout-64fa2afa wp-block-group-is-layout-flex\" style=\"padding-top:0;padding-right:0;padding-bottom:0;padding-left:0\">\n<figure class=\"wp-block-image size-large ext-aspect-landscape wp-duotone-primary-foreground\"><img decoding=\"async\" src=\"data:image\/svg+xml;base64,PHN2ZyB4bWxucz0iaHR0cDovL3d3dy53My5vcmcvMjAwMC9zdmciIHdpZHRoPSI0OCIgaGVpZ2h0PSI0OCIgZmlsbD0iIzAwMDAwMCIgdmlld0JveD0iMCAwIDI1NiAyNTYiPjxwYXRoIGQ9Ik04MCw0MGE0MCw0MCwwLDEsMCw0MCw0MEE0MCw0MCwwLDAsMCw4MCw0MFptMCw2NGEyNCwyNCwwLDEsMSwyNC0yNEEyNCwyNCwwLDAsMSw4MCwxMDRabTk2LDE2YTQwLDQwLDAsMSwwLTQwLTQwQTQwLDQwLDAsMCwwLDE3NiwxMjBabTAtNjRhMjQsMjQsMCwxLDEtMjQsMjRBMjQsMjQsMCwwLDEsMTc2LDU2Wk04MCwxMzZhNDAsNDAsMCwxLDAsNDAsNDBBNDAsNDAsMCwwLDAsODAsMTM2Wm0wLDY0YTI0LDI0LDAsMSwxLDI0LTI0QTI0LDI0LDAsMCwxLDgwLDIwMFptMTM2LTI0YTgsOCwwLDAsMS04LDhIMTg0djI0YTgsOCwwLDAsMS0xNiwwVjE4NEgxNDRhOCw4LDAsMCwxLDAtMTZoMjRWMTQ0YTgsOCwwLDAsMSwxNiwwdjI0aDI0QTgsOCwwLDAsMSwyMTYsMTc2WiI+PC9wYXRoPjwvc3ZnPg==\" alt=\"\" style=\"object-fit:cover\"\/><\/figure>\n\n\n\n<div class=\"wp-block-group wp-container-content-958eb9dc has-global-padding is-layout-constrained wp-container-core-group-is-layout-c06d165c wp-block-group-is-layout-constrained\" style=\"padding-top:0;padding-right:0;padding-bottom:0;padding-left:0\">\n<h3 class=\"wp-block-heading\">A brand designed for a modern generation.<\/h3>\n\n\n\n<p>Jesuslovesyoubrand embodies the perfect fusion of luxury and streetwear, offering a unique and authentic fashion experience.<\/p>\n<\/div>\n<\/div>\n<\/div>\n<\/div>\n\n\n\n<div class=\"wp-block-buttons is-content-justification-center is-layout-flex wp-container-core-buttons-is-layout-a89b3969 wp-block-buttons-is-layout-flex\">\n<div class=\"wp-block-button has-custom-width wp-block-button__width-100 is-style-ext-preset--button--natural-1--button-1 is-style-ext-preset--button--natural-1--button-1--14\"><a class=\"wp-block-button__link wp-element-button\" href=\"https:\/\/jesuslovesyoubrand.fr\/en\/shop\/\">Discover more<\/a><\/div>\n<\/div>\n<\/div>\n<\/div>\n<\/div>","protected":false},"excerpt":{"rendered":"<p>Une palette de couleur raffin\u00e9e qui incarne l&#8217;\u00e9l\u00e9gance D\u00e9couvrez une galerie unique capturant l&#8217;allure sophistiqu\u00e9e et l&#8217;\u00e9nergie urbaine de jesuslovesyoubrand. Le luxe minimaliste au c\u0153ur de la rue D\u00e9couvrez l&#8217;essence de Jesuslovesyoubrand, o\u00f9 sophistication et \u00e9nergie urbaine s&#8217;unissent pour habiller une g\u00e9n\u00e9ration moderne et audacieuse tout en passant un message . D\u00e9couvrez l&#8217;\u00e9l\u00e9gance raffin\u00e9e et [&hellip;]<\/p>\n","protected":false},"author":1,"featured_media":0,"parent":0,"menu_order":0,"comment_status":"closed","ping_status":"closed","template":"page-with-title","meta":{"footnotes":""},"class_list":["post-39","page","type-page","status-publish","hentry"],"jetpack_sharing_enabled":true,"_links":{"self":[{"href":"https:\/\/jesuslovesyoubrand.fr\/en\/wp-json\/wp\/v2\/pages\/39","targetHints":{"allow":["GET"]}}],"collection":[{"href":"https:\/\/jesuslovesyoubrand.fr\/en\/wp-json\/wp\/v2\/pages"}],"about":[{"href":"https:\/\/jesuslovesyoubrand.fr\/en\/wp-json\/wp\/v2\/types\/page"}],"author":[{"embeddable":true,"href":"https:\/\/jesuslovesyoubrand.fr\/en\/wp-json\/wp\/v2\/users\/1"}],"replies":[{"embeddable":true,"href":"https:\/\/jesuslovesyoubrand.fr\/en\/wp-json\/wp\/v2\/comments?post=39"}],"version-history":[{"count":15,"href":"https:\/\/jesuslovesyoubrand.fr\/en\/wp-json\/wp\/v2\/pages\/39\/revisions"}],"predecessor-version":[{"id":243,"href":"https:\/\/jesuslovesyoubrand.fr\/en\/wp-json\/wp\/v2\/pages\/39\/revisions\/243"}],"wp:attachment":[{"href":"https:\/\/jesuslovesyoubrand.fr\/en\/wp-json\/wp\/v2\/media?parent=39"}],"curies":[{"name":"wp","href":"https:\/\/api.w.org\/{rel}","templated":true}]}}