{"id":45,"date":"2026-01-16T22:16:32","date_gmt":"2026-01-16T22:16:32","guid":{"rendered":"https:\/\/jesuslovesyoubrand.fr\/mentions-legales\/"},"modified":"2026-01-16T22:16:32","modified_gmt":"2026-01-16T22:16:32","slug":"mentions-legales","status":"publish","type":"page","link":"https:\/\/jesuslovesyoubrand.fr\/en\/mentions-legales\/","title":{"rendered":"Mentions L\u00e9gales"},"content":{"rendered":"<div class=\"wp-block-group alignfull is-style-ext-preset--group--natural-1--section has-background-background-color has-background has-global-padding is-layout-constrained wp-container-core-group-is-layout-6150fac0 wp-block-group-is-layout-constrained\" style=\"margin-top:0;margin-bottom:0;padding-top:var(--wp--preset--spacing--70);padding-bottom:var(--wp--preset--spacing--70)\">\n<p><strong>Information importante: Ce mod\u00e8le d&#8217;impressum a \u00e9t\u00e9 \u00e9labor\u00e9 avec le plus grand soin. N\u00e9anmoins, nous ne garantissons pas l&#8217;exhaustivit\u00e9 et l&#8217;exactitude du contenu, ni sa conformit\u00e9 juridique. Il est de la responsabilit\u00e9 de l&#8217;utilisateur d&#8217;adapter le mod\u00e8le aux dispositions l\u00e9gales en vigueur et de v\u00e9rifier son actualit\u00e9. Toute responsabilit\u00e9 pour les dommages r\u00e9sultant directement ou indirectement de l&#8217;utilisation de ce mod\u00e8le est exclue.<\/strong>\n<br><br>\n\n<strong>\u00c9diteur du site:<\/strong><br>\n((NOM DE L\u2019ENTREPRISE))<br>\n((ADRESSE))<br>\n((CODE POSTAL, VILLE))<br>\n((PAYS))<br><br>\n\n<strong>Coordonn\u00e9es:<\/strong><br>\nT\u00e9l\u00e9phone: ((NUM\u00c9RO DE T\u00c9L\u00c9PHONE))<br>\nE-mail: ((ADRESSE E-MAIL))<br>\nSite web: ((URL DU SITE))<br><br>\n\n<strong>Repr\u00e9sentant l\u00e9gal:<\/strong><br>\n((NOM DU REPR\u00c9SENTANT L\u00c9GAL))<br>\n(G\u00e9rant \/ Pr\u00e9sident \/ Directeur)<br><br>\n\n<strong>Informations sur l\u2019entreprise:<\/strong><br>\nRCS: ((NUM\u00c9RO D\u2019IMMATRICULATION AU RCS))<br>\nTVA intracommunautaire: ((NUM\u00c9RO DE TVA))<br><br>\n\n<strong>Derni\u00e8re mise \u00e0 jour:<\/strong><br>\n((JJ\/MM\/AAAA))<\/p>\n<\/div>","protected":false},"excerpt":{"rendered":"<p>Information importante: Ce mod\u00e8le d&#8217;impressum a \u00e9t\u00e9 \u00e9labor\u00e9 avec le plus grand soin. N\u00e9anmoins, nous ne garantissons pas l&#8217;exhaustivit\u00e9 et l&#8217;exactitude du contenu, ni sa conformit\u00e9 juridique. Il est de la responsabilit\u00e9 de l&#8217;utilisateur d&#8217;adapter le mod\u00e8le aux dispositions l\u00e9gales en vigueur et de v\u00e9rifier son actualit\u00e9. Toute responsabilit\u00e9 pour les dommages r\u00e9sultant directement ou [&hellip;]<\/p>\n","protected":false},"author":1,"featured_media":0,"parent":0,"menu_order":0,"comment_status":"closed","ping_status":"closed","template":"page-with-title","meta":{"footnotes":""},"class_list":["post-45","page","type-page","status-publish","hentry"],"jetpack_sharing_enabled":true,"_links":{"self":[{"href":"https:\/\/jesuslovesyoubrand.fr\/en\/wp-json\/wp\/v2\/pages\/45","targetHints":{"allow":["GET"]}}],"collection":[{"href":"https:\/\/jesuslovesyoubrand.fr\/en\/wp-json\/wp\/v2\/pages"}],"about":[{"href":"https:\/\/jesuslovesyoubrand.fr\/en\/wp-json\/wp\/v2\/types\/page"}],"author":[{"embeddable":true,"href":"https:\/\/jesuslovesyoubrand.fr\/en\/wp-json\/wp\/v2\/users\/1"}],"replies":[{"embeddable":true,"href":"https:\/\/jesuslovesyoubrand.fr\/en\/wp-json\/wp\/v2\/comments?post=45"}],"version-history":[{"count":0,"href":"https:\/\/jesuslovesyoubrand.fr\/en\/wp-json\/wp\/v2\/pages\/45\/revisions"}],"wp:attachment":[{"href":"https:\/\/jesuslovesyoubrand.fr\/en\/wp-json\/wp\/v2\/media?parent=45"}],"curies":[{"name":"wp","href":"https:\/\/api.w.org\/{rel}","templated":true}]}}