{"id":48,"date":"2026-01-16T22:16:53","date_gmt":"2026-01-16T22:16:53","guid":{"rendered":"https:\/\/jesuslovesyoubrand.fr\/product\/pantalon-cargo-urbain\/"},"modified":"2026-01-28T10:07:15","modified_gmt":"2026-01-28T10:07:15","slug":"pantalon-cargo-urbain","status":"publish","type":"product","link":"https:\/\/jesuslovesyoubrand.fr\/en\/product\/pantalon-cargo-urbain\/","title":{"rendered":"Pretty girl love Jesus track"},"content":{"rendered":"<p>Un pantalon cargo fonctionnel et \u00e9l\u00e9gant, fabriqu\u00e9 en tissu r\u00e9sistant avec des poches multiples, id\u00e9al pour un style urbain.<\/p>","protected":false},"excerpt":{"rendered":"<p>Un pantalon cargo fonctionnel et \u00e9l\u00e9gant, fabriqu\u00e9 en tissu r\u00e9sistant avec des poches multiples, id\u00e9al pour un style urbain.<\/p>","protected":false},"featured_media":227,"comment_status":"open","ping_status":"closed","template":"","meta":[],"product_brand":[],"product_cat":[21],"product_tag":[],"class_list":{"0":"post-48","1":"product","2":"type-product","3":"status-publish","4":"has-post-thumbnail","6":"product_cat-pantalons","8":"first","9":"outofstock","10":"shipping-taxable","11":"purchasable","12":"product-type-simple"},"jetpack_sharing_enabled":true,"_links":{"self":[{"href":"https:\/\/jesuslovesyoubrand.fr\/en\/wp-json\/wp\/v2\/product\/48","targetHints":{"allow":["GET"]}}],"collection":[{"href":"https:\/\/jesuslovesyoubrand.fr\/en\/wp-json\/wp\/v2\/product"}],"about":[{"href":"https:\/\/jesuslovesyoubrand.fr\/en\/wp-json\/wp\/v2\/types\/product"}],"replies":[{"embeddable":true,"href":"https:\/\/jesuslovesyoubrand.fr\/en\/wp-json\/wp\/v2\/comments?post=48"}],"wp:featuredmedia":[{"embeddable":true,"href":"https:\/\/jesuslovesyoubrand.fr\/en\/wp-json\/wp\/v2\/media\/227"}],"wp:attachment":[{"href":"https:\/\/jesuslovesyoubrand.fr\/en\/wp-json\/wp\/v2\/media?parent=48"}],"wp:term":[{"taxonomy":"product_brand","embeddable":true,"href":"https:\/\/jesuslovesyoubrand.fr\/en\/wp-json\/wp\/v2\/product_brand?post=48"},{"taxonomy":"product_cat","embeddable":true,"href":"https:\/\/jesuslovesyoubrand.fr\/en\/wp-json\/wp\/v2\/product_cat?post=48"},{"taxonomy":"product_tag","embeddable":true,"href":"https:\/\/jesuslovesyoubrand.fr\/en\/wp-json\/wp\/v2\/product_tag?post=48"}],"curies":[{"name":"wp","href":"https:\/\/api.w.org\/{rel}","templated":true}]}}