{"id":53,"date":"2026-01-16T22:16:53","date_gmt":"2026-01-16T22:16:53","guid":{"rendered":"https:\/\/jesuslovesyoubrand.fr\/product\/echarpe-en-laine-merinos\/"},"modified":"2026-01-28T10:23:39","modified_gmt":"2026-01-28T10:23:39","slug":"echarpe-en-laine-merinos","status":"publish","type":"product","link":"https:\/\/jesuslovesyoubrand.fr\/en\/product\/echarpe-en-laine-merinos\/","title":{"rendered":"5-just a chill guy who loves jesus jersey"},"content":{"rendered":"<p>Une \u00e9charpe douce et chaude en laine m\u00e9rinos, id\u00e9ale pour les journ\u00e9es fra\u00eeches.<\/p>","protected":false},"excerpt":{"rendered":"<p>Une \u00e9charpe douce et chaude en laine m\u00e9rinos, id\u00e9ale pour les journ\u00e9es fra\u00eeches.<\/p>","protected":false},"featured_media":129,"comment_status":"open","ping_status":"closed","template":"","meta":[],"product_brand":[],"product_cat":[19],"product_tag":[],"class_list":{"0":"post-53","1":"product","2":"type-product","3":"status-publish","4":"has-post-thumbnail","6":"product_cat-t-shirts","8":"first","9":"outofstock","10":"shipping-taxable","11":"purchasable","12":"product-type-simple"},"jetpack_sharing_enabled":true,"_links":{"self":[{"href":"https:\/\/jesuslovesyoubrand.fr\/en\/wp-json\/wp\/v2\/product\/53","targetHints":{"allow":["GET"]}}],"collection":[{"href":"https:\/\/jesuslovesyoubrand.fr\/en\/wp-json\/wp\/v2\/product"}],"about":[{"href":"https:\/\/jesuslovesyoubrand.fr\/en\/wp-json\/wp\/v2\/types\/product"}],"replies":[{"embeddable":true,"href":"https:\/\/jesuslovesyoubrand.fr\/en\/wp-json\/wp\/v2\/comments?post=53"}],"wp:featuredmedia":[{"embeddable":true,"href":"https:\/\/jesuslovesyoubrand.fr\/en\/wp-json\/wp\/v2\/media\/129"}],"wp:attachment":[{"href":"https:\/\/jesuslovesyoubrand.fr\/en\/wp-json\/wp\/v2\/media?parent=53"}],"wp:term":[{"taxonomy":"product_brand","embeddable":true,"href":"https:\/\/jesuslovesyoubrand.fr\/en\/wp-json\/wp\/v2\/product_brand?post=53"},{"taxonomy":"product_cat","embeddable":true,"href":"https:\/\/jesuslovesyoubrand.fr\/en\/wp-json\/wp\/v2\/product_cat?post=53"},{"taxonomy":"product_tag","embeddable":true,"href":"https:\/\/jesuslovesyoubrand.fr\/en\/wp-json\/wp\/v2\/product_tag?post=53"}],"curies":[{"name":"wp","href":"https:\/\/api.w.org\/{rel}","templated":true}]}}