{"id":54,"date":"2026-01-16T22:16:53","date_gmt":"2026-01-16T22:16:53","guid":{"rendered":"https:\/\/jesuslovesyoubrand.fr\/product\/chemise-oversize-blanche\/"},"modified":"2026-01-28T10:17:18","modified_gmt":"2026-01-28T10:17:18","slug":"chemise-oversize-blanche","status":"publish","type":"product","link":"https:\/\/jesuslovesyoubrand.fr\/en\/product\/chemise-oversize-blanche\/","title":{"rendered":"7-pretty girls love jesus jersey"},"content":{"rendered":"<p>Une chemise blanche en coton avec une coupe oversize, parfaite pour un look d\u00e9contract\u00e9 et \u00e9l\u00e9gant.<\/p>","protected":false},"excerpt":{"rendered":"<p>Une chemise blanche en coton avec une coupe oversize, parfaite pour un look d\u00e9contract\u00e9 et \u00e9l\u00e9gant.<\/p>","protected":false},"featured_media":132,"comment_status":"open","ping_status":"closed","template":"","meta":[],"product_brand":[],"product_cat":[19],"product_tag":[],"class_list":{"0":"post-54","1":"product","2":"type-product","3":"status-publish","4":"has-post-thumbnail","6":"product_cat-t-shirts","8":"first","9":"outofstock","10":"shipping-taxable","11":"purchasable","12":"product-type-simple"},"jetpack_sharing_enabled":true,"_links":{"self":[{"href":"https:\/\/jesuslovesyoubrand.fr\/en\/wp-json\/wp\/v2\/product\/54","targetHints":{"allow":["GET"]}}],"collection":[{"href":"https:\/\/jesuslovesyoubrand.fr\/en\/wp-json\/wp\/v2\/product"}],"about":[{"href":"https:\/\/jesuslovesyoubrand.fr\/en\/wp-json\/wp\/v2\/types\/product"}],"replies":[{"embeddable":true,"href":"https:\/\/jesuslovesyoubrand.fr\/en\/wp-json\/wp\/v2\/comments?post=54"}],"wp:featuredmedia":[{"embeddable":true,"href":"https:\/\/jesuslovesyoubrand.fr\/en\/wp-json\/wp\/v2\/media\/132"}],"wp:attachment":[{"href":"https:\/\/jesuslovesyoubrand.fr\/en\/wp-json\/wp\/v2\/media?parent=54"}],"wp:term":[{"taxonomy":"product_brand","embeddable":true,"href":"https:\/\/jesuslovesyoubrand.fr\/en\/wp-json\/wp\/v2\/product_brand?post=54"},{"taxonomy":"product_cat","embeddable":true,"href":"https:\/\/jesuslovesyoubrand.fr\/en\/wp-json\/wp\/v2\/product_cat?post=54"},{"taxonomy":"product_tag","embeddable":true,"href":"https:\/\/jesuslovesyoubrand.fr\/en\/wp-json\/wp\/v2\/product_tag?post=54"}],"curies":[{"name":"wp","href":"https:\/\/api.w.org\/{rel}","templated":true}]}}