{"id":56,"date":"2026-01-16T22:16:53","date_gmt":"2026-01-16T22:16:53","guid":{"rendered":"https:\/\/jesuslovesyoubrand.fr\/product\/blouson-en-cuir-noir\/"},"modified":"2026-03-28T23:08:58","modified_gmt":"2026-03-28T23:08:58","slug":"blouson-en-cuir-noir","status":"publish","type":"product","link":"https:\/\/jesuslovesyoubrand.fr\/en\/product\/blouson-en-cuir-noir\/","title":{"rendered":"2-Blessed kimono(pre-order)"},"content":{"rendered":"<p data-start=\"124\" data-end=\"440\">Blessed kimono en coton de haute qualit\u00e9, au tomb\u00e9 structur\u00e9 et \u00e9l\u00e9gant. Elle se distingue par ses broderies florales d\u00e9licates de lys sur le devant et le dos, apportant une touche po\u00e9tique et raffin\u00e9e. Les finitions soign\u00e9es et les d\u00e9tails brod\u00e9s sur la manche renforcent son caract\u00e8re unique et intemporel.<\/p>\n<p data-start=\"511\" data-end=\"658\">Il est recommand\u00e9 de prendre votre taille habituelle pour une coupe \u00e9quilibr\u00e9e, ou une taille au-dessus pour un rendu plus oversize et d\u00e9contract\u00e9<\/p>","protected":false},"excerpt":{"rendered":"<p>Blessed kimono en coton de haute qualit\u00e9, au tomb\u00e9 structur\u00e9 et \u00e9l\u00e9gant. Elle se distingue par ses broderies florales d\u00e9licates de lys sur le devant et le dos, apportant une touche po\u00e9tique et raffin\u00e9e. Les finitions soign\u00e9es et les d\u00e9tails brod\u00e9s sur la manche renforcent son caract\u00e8re unique et intemporel. Il est recommand\u00e9 de prendre [&hellip;]<\/p>\n","protected":false},"featured_media":102,"comment_status":"open","ping_status":"closed","template":"","meta":[],"product_brand":[],"product_cat":[22],"product_tag":[],"class_list":{"0":"post-56","1":"product","2":"type-product","3":"status-publish","4":"has-post-thumbnail","6":"product_cat-vestes","8":"first","9":"outofstock","10":"shipping-taxable","11":"purchasable","12":"product-type-variable"},"jetpack_sharing_enabled":true,"_links":{"self":[{"href":"https:\/\/jesuslovesyoubrand.fr\/en\/wp-json\/wp\/v2\/product\/56","targetHints":{"allow":["GET"]}}],"collection":[{"href":"https:\/\/jesuslovesyoubrand.fr\/en\/wp-json\/wp\/v2\/product"}],"about":[{"href":"https:\/\/jesuslovesyoubrand.fr\/en\/wp-json\/wp\/v2\/types\/product"}],"replies":[{"embeddable":true,"href":"https:\/\/jesuslovesyoubrand.fr\/en\/wp-json\/wp\/v2\/comments?post=56"}],"wp:featuredmedia":[{"embeddable":true,"href":"https:\/\/jesuslovesyoubrand.fr\/en\/wp-json\/wp\/v2\/media\/102"}],"wp:attachment":[{"href":"https:\/\/jesuslovesyoubrand.fr\/en\/wp-json\/wp\/v2\/media?parent=56"}],"wp:term":[{"taxonomy":"product_brand","embeddable":true,"href":"https:\/\/jesuslovesyoubrand.fr\/en\/wp-json\/wp\/v2\/product_brand?post=56"},{"taxonomy":"product_cat","embeddable":true,"href":"https:\/\/jesuslovesyoubrand.fr\/en\/wp-json\/wp\/v2\/product_cat?post=56"},{"taxonomy":"product_tag","embeddable":true,"href":"https:\/\/jesuslovesyoubrand.fr\/en\/wp-json\/wp\/v2\/product_tag?post=56"}],"curies":[{"name":"wp","href":"https:\/\/api.w.org\/{rel}","templated":true}]}}