{"id":60,"date":"2026-01-16T22:16:53","date_gmt":"2026-01-16T22:16:53","guid":{"rendered":"https:\/\/jesuslovesyoubrand.fr\/product\/ceinture-en-cuir\/"},"modified":"2026-03-17T22:35:26","modified_gmt":"2026-03-17T22:35:26","slug":"ceinture-en-cuir","status":"publish","type":"product","link":"https:\/\/jesuslovesyoubrand.fr\/en\/product\/ceinture-en-cuir\/","title":{"rendered":"4-born again polo (pre-order)"},"content":{"rendered":"<p>Born again polo<\/p>\n<p data-start=\"94\" data-end=\"430\">Un polo \u00e0 manches longues en coton doux et confortable, pens\u00e9 avec une coupe naturellement oversize. Ses rayures roses et \u00e9crues lui donnent une allure r\u00e9tro et moderne \u00e0 la fois. L\u2019inscription brod\u00e9e <em data-start=\"295\" data-end=\"311\">\u00ab Born Again \u00bb<\/em> sur la poitrine apporte une touche signature, subtile et affirm\u00e9e. Une pi\u00e8ce forte, id\u00e9ale pour un look casual assum\u00e9.<\/p>\n<p data-start=\"501\" data-end=\"596\">Il est recommand\u00e9 de prendre votre taille habituelle pour conserver l\u2019effet oversize du mod\u00e8le.<\/p>","protected":false},"excerpt":{"rendered":"<p>Born again polo Un polo \u00e0 manches longues en coton doux et confortable, pens\u00e9 avec une coupe naturellement oversize. Ses rayures roses et \u00e9crues lui donnent une allure r\u00e9tro et moderne \u00e0 la fois. L\u2019inscription brod\u00e9e \u00ab Born Again \u00bb sur la poitrine apporte une touche signature, subtile et affirm\u00e9e. Une pi\u00e8ce forte, id\u00e9ale pour [&hellip;]<\/p>\n","protected":false},"featured_media":109,"comment_status":"open","ping_status":"closed","template":"","meta":[],"product_brand":[],"product_cat":[27],"product_tag":[],"class_list":{"0":"post-60","1":"product","2":"type-product","3":"status-publish","4":"has-post-thumbnail","6":"product_cat-pulls","8":"first","9":"instock","10":"shipping-taxable","11":"purchasable","12":"product-type-variable"},"jetpack_sharing_enabled":true,"_links":{"self":[{"href":"https:\/\/jesuslovesyoubrand.fr\/en\/wp-json\/wp\/v2\/product\/60","targetHints":{"allow":["GET"]}}],"collection":[{"href":"https:\/\/jesuslovesyoubrand.fr\/en\/wp-json\/wp\/v2\/product"}],"about":[{"href":"https:\/\/jesuslovesyoubrand.fr\/en\/wp-json\/wp\/v2\/types\/product"}],"replies":[{"embeddable":true,"href":"https:\/\/jesuslovesyoubrand.fr\/en\/wp-json\/wp\/v2\/comments?post=60"}],"wp:featuredmedia":[{"embeddable":true,"href":"https:\/\/jesuslovesyoubrand.fr\/en\/wp-json\/wp\/v2\/media\/109"}],"wp:attachment":[{"href":"https:\/\/jesuslovesyoubrand.fr\/en\/wp-json\/wp\/v2\/media?parent=60"}],"wp:term":[{"taxonomy":"product_brand","embeddable":true,"href":"https:\/\/jesuslovesyoubrand.fr\/en\/wp-json\/wp\/v2\/product_brand?post=60"},{"taxonomy":"product_cat","embeddable":true,"href":"https:\/\/jesuslovesyoubrand.fr\/en\/wp-json\/wp\/v2\/product_cat?post=60"},{"taxonomy":"product_tag","embeddable":true,"href":"https:\/\/jesuslovesyoubrand.fr\/en\/wp-json\/wp\/v2\/product_tag?post=60"}],"curies":[{"name":"wp","href":"https:\/\/api.w.org\/{rel}","templated":true}]}}