{"id":63,"date":"2026-01-16T22:16:54","date_gmt":"2026-01-16T22:16:54","guid":{"rendered":"https:\/\/jesuslovesyoubrand.fr\/product\/parka-impermeable\/"},"modified":"2026-01-28T09:57:33","modified_gmt":"2026-01-28T09:57:33","slug":"parka-impermeable","status":"publish","type":"product","link":"https:\/\/jesuslovesyoubrand.fr\/en\/product\/parka-impermeable\/","title":{"rendered":"L&#8217;Amour cest jean 3:16"},"content":{"rendered":"<p>Une parka imperm\u00e9able et coupe-vent, id\u00e9ale pour affronter les intemp\u00e9ries avec style.<\/p>","protected":false},"excerpt":{"rendered":"<p>Une parka imperm\u00e9able et coupe-vent, id\u00e9ale pour affronter les intemp\u00e9ries avec style.<\/p>","protected":false},"featured_media":230,"comment_status":"open","ping_status":"closed","template":"","meta":[],"product_brand":[],"product_cat":[22],"product_tag":[],"class_list":{"0":"post-63","1":"product","2":"type-product","3":"status-publish","4":"has-post-thumbnail","6":"product_cat-vestes","8":"first","9":"outofstock","10":"shipping-taxable","11":"purchasable","12":"product-type-simple"},"jetpack_sharing_enabled":true,"_links":{"self":[{"href":"https:\/\/jesuslovesyoubrand.fr\/en\/wp-json\/wp\/v2\/product\/63","targetHints":{"allow":["GET"]}}],"collection":[{"href":"https:\/\/jesuslovesyoubrand.fr\/en\/wp-json\/wp\/v2\/product"}],"about":[{"href":"https:\/\/jesuslovesyoubrand.fr\/en\/wp-json\/wp\/v2\/types\/product"}],"replies":[{"embeddable":true,"href":"https:\/\/jesuslovesyoubrand.fr\/en\/wp-json\/wp\/v2\/comments?post=63"}],"wp:featuredmedia":[{"embeddable":true,"href":"https:\/\/jesuslovesyoubrand.fr\/en\/wp-json\/wp\/v2\/media\/230"}],"wp:attachment":[{"href":"https:\/\/jesuslovesyoubrand.fr\/en\/wp-json\/wp\/v2\/media?parent=63"}],"wp:term":[{"taxonomy":"product_brand","embeddable":true,"href":"https:\/\/jesuslovesyoubrand.fr\/en\/wp-json\/wp\/v2\/product_brand?post=63"},{"taxonomy":"product_cat","embeddable":true,"href":"https:\/\/jesuslovesyoubrand.fr\/en\/wp-json\/wp\/v2\/product_cat?post=63"},{"taxonomy":"product_tag","embeddable":true,"href":"https:\/\/jesuslovesyoubrand.fr\/en\/wp-json\/wp\/v2\/product_tag?post=63"}],"curies":[{"name":"wp","href":"https:\/\/api.w.org\/{rel}","templated":true}]}}